{"id":23,"date":"2021-03-08T15:15:02","date_gmt":"2021-03-08T15:15:02","guid":{"rendered":"https:\/\/xn--schtzenverein-mitterfels-xsc.de\/?page_id=23"},"modified":"2022-01-19T10:07:05","modified_gmt":"2022-01-19T09:07:05","slug":"startseite","status":"publish","type":"page","link":"https:\/\/schuetzenverein-mitterfels.de\/index.php\/","title":{"rendered":"Startseite"},"content":{"rendered":"\t\t<div data-elementor-type=\"wp-page\" data-elementor-id=\"23\" class=\"elementor elementor-23\">\n\t\t\t\t\t\t\t\t\t<section class=\"elementor-section elementor-top-section elementor-element elementor-element-3162fea elementor-section-full_width elementor-section-height-default elementor-section-height-default\" data-id=\"3162fea\" data-element_type=\"section\">\n\t\t\t\t\t\t<div class=\"elementor-container elementor-column-gap-default\">\n\t\t\t\t\t<div class=\"elementor-column elementor-col-100 elementor-top-column elementor-element elementor-element-3de482a column-style-top\" data-id=\"3de482a\" data-element_type=\"column\">\n\t\t\t<div class=\"elementor-widget-wrap elementor-element-populated\">\n\t\t\t\t\t\t\t\t<div class=\"elementor-element elementor-element-d273fa1 elementor-widget elementor-widget-spacer\" data-id=\"d273fa1\" data-element_type=\"widget\" data-widget_type=\"spacer.default\">\n\t\t\t\t<div class=\"elementor-widget-container\">\n\t\t\t\t\t<div class=\"elementor-spacer\">\n\t\t\t<div class=\"elementor-spacer-inner\"><\/div>\n\t\t<\/div>\n\t\t\t\t<\/div>\n\t\t\t\t<\/div>\n\t\t\t\t<div class=\"elementor-element elementor-element-519242b elementor-widget elementor-widget-heading\" data-id=\"519242b\" data-element_type=\"widget\" data-widget_type=\"heading.default\">\n\t\t\t\t<div class=\"elementor-widget-container\">\n\t\t\t<h2 class=\"elementor-heading-title elementor-size-default\">Herzlich Willkommen auf unserer Homepage<\/h2>\t\t<\/div>\n\t\t\t\t<\/div>\n\t\t\t\t\t<\/div>\n\t\t<\/div>\n\t\t\t\t\t\t\t<\/div>\n\t\t<\/section>\n\t\t\t\t<section class=\"elementor-section elementor-top-section elementor-element elementor-element-392a8f0 elementor-section-boxed elementor-section-height-default elementor-section-height-default\" data-id=\"392a8f0\" data-element_type=\"section\">\n\t\t\t\t\t\t<div class=\"elementor-container elementor-column-gap-default\">\n\t\t\t\t\t<div class=\"elementor-column elementor-col-100 elementor-top-column elementor-element elementor-element-a4d3346 column-style-top\" data-id=\"a4d3346\" data-element_type=\"column\">\n\t\t\t<div class=\"elementor-widget-wrap elementor-element-populated\">\n\t\t\t\t\t\t\t\t<div class=\"elementor-element elementor-element-8f32803 elementor-widget elementor-widget-spacer\" data-id=\"8f32803\" data-element_type=\"widget\" data-widget_type=\"spacer.default\">\n\t\t\t\t<div class=\"elementor-widget-container\">\n\t\t\t\t\t<div class=\"elementor-spacer\">\n\t\t\t<div class=\"elementor-spacer-inner\"><\/div>\n\t\t<\/div>\n\t\t\t\t<\/div>\n\t\t\t\t<\/div>\n\t\t\t\t\t<\/div>\n\t\t<\/div>\n\t\t\t\t\t\t\t<\/div>\n\t\t<\/section>\n\t\t\t\t<section class=\"elementor-section elementor-top-section elementor-element elementor-element-db847de elementor-section-boxed elementor-section-height-default elementor-section-height-default\" data-id=\"db847de\" data-element_type=\"section\">\n\t\t\t\t\t\t<div class=\"elementor-container elementor-column-gap-default\">\n\t\t\t\t\t<div class=\"elementor-column elementor-col-100 elementor-top-column elementor-element elementor-element-1cec0df column-style-top\" data-id=\"1cec0df\" data-element_type=\"column\">\n\t\t\t<div class=\"elementor-widget-wrap elementor-element-populated\">\n\t\t\t\t\t\t\t\t<div class=\"elementor-element elementor-element-1e40f7b elementor-widget elementor-widget-image\" data-id=\"1e40f7b\" data-element_type=\"widget\" data-widget_type=\"image.default\">\n\t\t\t\t<div class=\"elementor-widget-container\">\n\t\t\t\t\t\t\t\t\t\t\t\t\t\t\t<img loading=\"lazy\" decoding=\"async\" width=\"500\" height=\"309\" src=\"https:\/\/schuetzenverein-mitterfels.de\/wp-content\/uploads\/2021\/03\/Mitterfels-Verein-500.jpg\" class=\"attachment-large size-large wp-image-49\" alt=\"\" \/>\t\t\t\t\t\t\t\t\t\t\t\t\t\t\t<\/div>\n\t\t\t\t<\/div>\n\t\t\t\t\t<\/div>\n\t\t<\/div>\n\t\t\t\t\t\t\t<\/div>\n\t\t<\/section>\n\t\t\t\t<section class=\"elementor-section elementor-top-section elementor-element elementor-element-ccb313b elementor-section-boxed elementor-section-height-default elementor-section-height-default\" data-id=\"ccb313b\" data-element_type=\"section\">\n\t\t\t\t\t\t<div class=\"elementor-container elementor-column-gap-default\">\n\t\t\t\t\t<div class=\"elementor-column elementor-col-100 elementor-top-column elementor-element elementor-element-14783f1 column-style-top\" data-id=\"14783f1\" data-element_type=\"column\">\n\t\t\t<div class=\"elementor-widget-wrap elementor-element-populated\">\n\t\t\t\t\t\t\t\t<div class=\"elementor-element elementor-element-8a43dca elementor-widget elementor-widget-spacer\" data-id=\"8a43dca\" data-element_type=\"widget\" data-widget_type=\"spacer.default\">\n\t\t\t\t<div class=\"elementor-widget-container\">\n\t\t\t\t\t<div class=\"elementor-spacer\">\n\t\t\t<div class=\"elementor-spacer-inner\"><\/div>\n\t\t<\/div>\n\t\t\t\t<\/div>\n\t\t\t\t<\/div>\n\t\t\t\t\t<\/div>\n\t\t<\/div>\n\t\t\t\t\t\t\t<\/div>\n\t\t<\/section>\n\t\t\t\t<section class=\"elementor-section elementor-top-section elementor-element elementor-element-6e6c83d elementor-section-full_width elementor-section-height-default elementor-section-height-default\" data-id=\"6e6c83d\" data-element_type=\"section\">\n\t\t\t\t\t\t<div class=\"elementor-container elementor-column-gap-no\">\n\t\t\t\t\t<div class=\"elementor-column elementor-col-100 elementor-top-column elementor-element elementor-element-3eb13f4 column-style-top\" data-id=\"3eb13f4\" data-element_type=\"column\">\n\t\t\t<div class=\"elementor-widget-wrap elementor-element-populated\">\n\t\t\t\t\t\t\t\t<div class=\"elementor-element elementor-element-5fbf061 elementor-widget elementor-widget-text-editor\" data-id=\"5fbf061\" data-element_type=\"widget\" data-widget_type=\"text-editor.default\">\n\t\t\t\t<div class=\"elementor-widget-container\">\n\t\t\t\t\t\t\t<div id=\"menu\"><div id=\"menu\"><div>\u00a0<\/div><\/div><div id=\"text\"><div>Wir m\u00f6chten an dieser Stelle, interessierten Besuchern einen Einblick in unseren Verein erm\u00f6glichen und unsere Sch\u00fctzengesellschaft vorstellen.<\/div><p>Mitgliedern soll diese Seite eine Hilfe sein, die aktuellen Geschehnisse im Auge zu behalten und sich \u00fcber anstehende Veranstaltungen zu informieren und unser sportliches Abschneiden im Auge zu behalten.<\/p><p>Gegr\u00fcndet wurde die K\u00f6niglich privilegierte Sch\u00fctzengeslleschaft Mitterfels im Jahre 1878 zu Zeiten K\u00f6nig Ludwig II.<br \/>Wir \u00fcberstanden das dunkle Kapitel des dritten Reiches im D\u00e4mmerschlaf, schlie\u00dflich mu\u00dften damals alle Sch\u00fctzenvereine deren Dasein ruhen lassen.<\/p><p>Seit 1950 ging es mit unserem Verein wieder bergauf das sportliche und gesellschaftliche Leben kehrte in die alten R\u00e4umlichkeiten zur\u00fcck.<\/p><p>Seit Anfang 2013 nun, haben wir unsere R\u00e4umlichkeiten in das Sch\u00fctzenheim, im Keller der Doppelturnhalle von Mitterfels verlagert.<br \/>In vollst\u00e4ndiger Eigenleistung, finanziell wie arbeitstechnisch, wurde unser Schie\u00dfstand von den Vereinsmitgliedern erdacht, geplant und gestaltet. Viele ungez\u00e4hlte Stunden an Arbeit und eine gro\u00dfe Menge Schwei\u00df und Herzblut wurden investiert<\/p><p>Nun sind wir bereit f\u00fcr einen neuen spannenden Abschnitt der Vereinsgeschichte und m\u00f6chten Sie einladen daran teilzuhaben.<\/p><p>Wenn Sie interessiert sind am sportlichen Wettkampf mit Luftgewehr und Luftpistole oder wenn Sie einfach nur teil einer warmherzigen Gesellschaft sein m\u00f6chten, besuchen Sie uns gerne zu unseren Vereinsabenden.<\/p><p>Oder Sie wollen sich unseren Schie\u00dfstand einfach mal anschauen, dann kommen Sie gerne vorbei.<\/p><p>Wir freuen uns.<\/p><p>Mit herzlichen Gr\u00fc\u00dfen<\/p><p>Ihre K\u00f6niglich privilegierte Sch\u00fctzengesllschaft Mitterfels<\/p><\/div><\/div>\t\t\t\t\t\t<\/div>\n\t\t\t\t<\/div>\n\t\t\t\t\t<\/div>\n\t\t<\/div>\n\t\t\t\t\t\t\t<\/div>\n\t\t<\/section>\n\t\t\t\t<section class=\"elementor-section elementor-top-section elementor-element elementor-element-4ae4bbc elementor-section-boxed elementor-section-height-default elementor-section-height-default\" data-id=\"4ae4bbc\" data-element_type=\"section\">\n\t\t\t\t\t\t<div class=\"elementor-container elementor-column-gap-default\">\n\t\t\t\t\t<div class=\"elementor-column elementor-col-100 elementor-top-column elementor-element elementor-element-f00437a column-style-top\" data-id=\"f00437a\" data-element_type=\"column\">\n\t\t\t<div class=\"elementor-widget-wrap elementor-element-populated\">\n\t\t\t\t\t\t\t\t<div class=\"elementor-element elementor-element-ae31202 elementor-widget elementor-widget-spacer\" data-id=\"ae31202\" data-element_type=\"widget\" data-widget_type=\"spacer.default\">\n\t\t\t\t<div class=\"elementor-widget-container\">\n\t\t\t\t\t<div class=\"elementor-spacer\">\n\t\t\t<div class=\"elementor-spacer-inner\"><\/div>\n\t\t<\/div>\n\t\t\t\t<\/div>\n\t\t\t\t<\/div>\n\t\t\t\t\t<\/div>\n\t\t<\/div>\n\t\t\t\t\t\t\t<\/div>\n\t\t<\/section>\n\t\t\t\t\t\t\t<\/div>\n\t\t","protected":false},"excerpt":{"rendered":"<p>Herzlich Willkommen auf unserer Homepage \u00a0Wir m\u00f6chten an dieser Stelle, interessierten Besuchern einen Einblick in unseren Verein erm\u00f6glichen und unsere Sch\u00fctzengesellschaft vorstellen. Mitgliedern soll diese Seite eine Hilfe sein, die aktuellen Geschehnisse im Auge zu behalten und sich \u00fcber anstehende Veranstaltungen zu informieren und unser sportliches Abschneiden im Auge zu behalten. Gegr\u00fcndet wurde die K\u00f6niglich [&hellip;]<\/p>\n","protected":false},"author":1,"featured_media":0,"parent":0,"menu_order":0,"comment_status":"closed","ping_status":"closed","template":"","meta":{"ngg_post_thumbnail":0,"footnotes":""},"class_list":["post-23","page","type-page","status-publish","hentry"],"_links":{"self":[{"href":"https:\/\/schuetzenverein-mitterfels.de\/index.php\/wp-json\/wp\/v2\/pages\/23","targetHints":{"allow":["GET"]}}],"collection":[{"href":"https:\/\/schuetzenverein-mitterfels.de\/index.php\/wp-json\/wp\/v2\/pages"}],"about":[{"href":"https:\/\/schuetzenverein-mitterfels.de\/index.php\/wp-json\/wp\/v2\/types\/page"}],"author":[{"embeddable":true,"href":"https:\/\/schuetzenverein-mitterfels.de\/index.php\/wp-json\/wp\/v2\/users\/1"}],"replies":[{"embeddable":true,"href":"https:\/\/schuetzenverein-mitterfels.de\/index.php\/wp-json\/wp\/v2\/comments?post=23"}],"version-history":[{"count":41,"href":"https:\/\/schuetzenverein-mitterfels.de\/index.php\/wp-json\/wp\/v2\/pages\/23\/revisions"}],"predecessor-version":[{"id":9205,"href":"https:\/\/schuetzenverein-mitterfels.de\/index.php\/wp-json\/wp\/v2\/pages\/23\/revisions\/9205"}],"wp:attachment":[{"href":"https:\/\/schuetzenverein-mitterfels.de\/index.php\/wp-json\/wp\/v2\/media?parent=23"}],"curies":[{"name":"wp","href":"https:\/\/api.w.org\/{rel}","templated":true}]}}