{"id":55,"date":"2021-03-15T10:30:00","date_gmt":"2021-03-15T10:30:00","guid":{"rendered":"https:\/\/xn--schtzenverein-mitterfels-xsc.de\/?page_id=55"},"modified":"2022-01-13T11:31:16","modified_gmt":"2022-01-13T11:31:16","slug":"vorstand","status":"publish","type":"page","link":"https:\/\/schuetzenverein-mitterfels.de\/index.php\/vorstand\/","title":{"rendered":"Vorstand"},"content":{"rendered":"\t\t<div data-elementor-type=\"wp-page\" data-elementor-id=\"55\" class=\"elementor elementor-55\">\n\t\t\t\t\t\t\t\t\t<section class=\"elementor-section elementor-top-section elementor-element elementor-element-1cab88b elementor-section-boxed elementor-section-height-default elementor-section-height-default\" data-id=\"1cab88b\" data-element_type=\"section\">\n\t\t\t\t\t\t<div class=\"elementor-container elementor-column-gap-default\">\n\t\t\t\t\t<div class=\"elementor-column elementor-col-100 elementor-top-column elementor-element elementor-element-8dfda79 column-style-top\" data-id=\"8dfda79\" data-element_type=\"column\">\n\t\t\t<div class=\"elementor-widget-wrap elementor-element-populated\">\n\t\t\t\t\t\t\t\t<div class=\"elementor-element elementor-element-a200ed1 elementor-widget elementor-widget-gva-teams\" data-id=\"a200ed1\" data-element_type=\"widget\" data-widget_type=\"gva-teams.default\">\n\t\t\t\t<div class=\"elementor-widget-container\">\n\t\t\t<div class=\"gva-element-gva-teams gva-element\">  \r\n  <div class=\"gva-teams-grid clearfix grid-5nkp\">\r\n      <div class=\"gva-content-items\"> \r\n        <div class=\"lg-block-grid-3 md-block-grid-3 sm-block-grid-2 xs-block-grid-1\">\r\n          <div class=\"item-columns\"><div class=\"team-block team-v2 \">\n\t\t\t<div class=\"team-image\">\n\t\t \t<a href=\"https:\/\/schuetzenverein-mitterfels.de\/index.php\/team\/baumeister-friedrich\/\"><img loading=\"lazy\" decoding=\"async\" width=\"165\" height=\"200\" src=\"https:\/\/schuetzenverein-mitterfels.de\/wp-content\/uploads\/2021\/03\/Baumeister_Friedrich.jpg\" class=\"attachment-profile_300 size-profile_300 wp-post-image\" alt=\"\" \/><\/a>\n\t\t \t\t\t\t   <div class=\"socials-team\">\n\t\t     \t\t\t     \t\t   \n\t\t     \t\t\t\t   <\/div>\n\t\t\t\t\t<\/div>\n\t\t<div class=\"team-content\">  \n\t   <div class=\"team-content-inner\">\n         <div class=\"team-name\"><a href=\"https:\/\/schuetzenverein-mitterfels.de\/index.php\/team\/baumeister-friedrich\/\">Baumeister Friedrich<\/a><\/div>\n   \t      \n   \t   \t<div class=\"team-job\">1. Sch\u00fctzenmeister<\/div>\n   \t         <\/div>\n\t<\/div>\n   <\/div>  <\/div><div class=\"item-columns\"><div class=\"team-block team-v2 \">\n\t\t\t<div class=\"team-image\">\n\t\t \t<a href=\"https:\/\/schuetzenverein-mitterfels.de\/index.php\/team\/schwarz-josef\/\"><img loading=\"lazy\" decoding=\"async\" width=\"165\" height=\"200\" src=\"https:\/\/schuetzenverein-mitterfels.de\/wp-content\/uploads\/2021\/03\/Schwarz_Josef.jpg\" class=\"attachment-profile_300 size-profile_300 wp-post-image\" alt=\"\" \/><\/a>\n\t\t \t\t\t\t   <div class=\"socials-team\">\n\t\t     \t\t\t     \t\t   \n\t\t     \t\t\t\t   <\/div>\n\t\t\t\t\t<\/div>\n\t\t<div class=\"team-content\">  \n\t   <div class=\"team-content-inner\">\n         <div class=\"team-name\"><a href=\"https:\/\/schuetzenverein-mitterfels.de\/index.php\/team\/schwarz-josef\/\">Schwarz Josef<\/a><\/div>\n   \t      \n   \t   \t<div class=\"team-job\">2. Sch\u00fctzenmeister<\/div>\n   \t         <\/div>\n\t<\/div>\n   <\/div>  <\/div><div class=\"item-columns\"><div class=\"team-block team-v2 \">\n\t\t\t<div class=\"team-image\">\n\t\t \t<a href=\"https:\/\/schuetzenverein-mitterfels.de\/index.php\/team\/uwe-hennecke\/\"><img loading=\"lazy\" decoding=\"async\" width=\"159\" height=\"200\" src=\"https:\/\/schuetzenverein-mitterfels.de\/wp-content\/uploads\/2021\/03\/Uwe-Hennecke-scal.jpg\" class=\"attachment-profile_300 size-profile_300 wp-post-image\" alt=\"\" \/><\/a>\n\t\t \t\t\t\t   <div class=\"socials-team\">\n\t\t     \t\t\t     \t\t   \n\t\t     \t\t\t\t   <\/div>\n\t\t\t\t\t<\/div>\n\t\t<div class=\"team-content\">  \n\t   <div class=\"team-content-inner\">\n         <div class=\"team-name\"><a href=\"https:\/\/schuetzenverein-mitterfels.de\/index.php\/team\/uwe-hennecke\/\">Uwe Hennecke<\/a><\/div>\n   \t      \n   \t   \t<div class=\"team-job\">Sportleiter<\/div>\n   \t         <\/div>\n\t<\/div>\n   <\/div>  <\/div><div class=\"item-columns\"><div class=\"team-block team-v2 \">\n\t\t\t<div class=\"team-image\">\n\t\t \t<a href=\"https:\/\/schuetzenverein-mitterfels.de\/index.php\/team\/mayer-reinhold\/\"><img loading=\"lazy\" decoding=\"async\" width=\"300\" height=\"300\" src=\"https:\/\/schuetzenverein-mitterfels.de\/wp-content\/uploads\/2021\/03\/no-image-icon-21.png\" class=\"attachment-profile_300 size-profile_300 wp-post-image\" alt=\"\" \/><\/a>\n\t\t \t\t\t\t   <div class=\"socials-team\">\n\t\t     \t\t\t     \t\t   \n\t\t     \t\t\t\t   <\/div>\n\t\t\t\t\t<\/div>\n\t\t<div class=\"team-content\">  \n\t   <div class=\"team-content-inner\">\n         <div class=\"team-name\"><a href=\"https:\/\/schuetzenverein-mitterfels.de\/index.php\/team\/mayer-reinhold\/\">Stangl Gaby<\/a><\/div>\n   \t      \n   \t   \t<div class=\"team-job\">Schatzmeister<\/div>\n   \t         <\/div>\n\t<\/div>\n   <\/div>  <\/div><div class=\"item-columns\"><div class=\"team-block team-v2 \">\n\t\t\t<div class=\"team-image\">\n\t\t \t<a href=\"https:\/\/schuetzenverein-mitterfels.de\/index.php\/team\/baumeister-sven\/\"><img loading=\"lazy\" decoding=\"async\" width=\"165\" height=\"200\" src=\"https:\/\/schuetzenverein-mitterfels.de\/wp-content\/uploads\/2021\/03\/Baumeister_Sven.jpg\" class=\"attachment-profile_300 size-profile_300 wp-post-image\" alt=\"\" \/><\/a>\n\t\t \t\t\t\t   <div class=\"socials-team\">\n\t\t     \t\t\t     \t\t   \n\t\t     \t\t\t\t   <\/div>\n\t\t\t\t\t<\/div>\n\t\t<div class=\"team-content\">  \n\t   <div class=\"team-content-inner\">\n         <div class=\"team-name\"><a href=\"https:\/\/schuetzenverein-mitterfels.de\/index.php\/team\/baumeister-sven\/\">Baumeister Sven<\/a><\/div>\n   \t      \n   \t   \t<div class=\"team-job\">Schriftf\u00fchrer<\/div>\n   \t         <\/div>\n\t<\/div>\n   <\/div>  <\/div>        <\/div>\r\n      <\/div>\r\n        <\/div>\r\n  <\/div>\t\t<\/div>\n\t\t\t\t<\/div>\n\t\t\t\t\t<\/div>\n\t\t<\/div>\n\t\t\t\t\t\t\t<\/div>\n\t\t<\/section>\n\t\t\t\t<section class=\"elementor-section elementor-top-section elementor-element elementor-element-9289325 elementor-section-boxed elementor-section-height-default elementor-section-height-default\" data-id=\"9289325\" data-element_type=\"section\">\n\t\t\t\t\t\t<div class=\"elementor-container elementor-column-gap-default\">\n\t\t\t\t\t<div class=\"elementor-column elementor-col-100 elementor-top-column elementor-element elementor-element-1d92532 column-style-top\" data-id=\"1d92532\" data-element_type=\"column\">\n\t\t\t<div class=\"elementor-widget-wrap elementor-element-populated\">\n\t\t\t\t\t\t\t\t<div class=\"elementor-element elementor-element-1922dd2 elementor-widget elementor-widget-spacer\" data-id=\"1922dd2\" data-element_type=\"widget\" data-widget_type=\"spacer.default\">\n\t\t\t\t<div class=\"elementor-widget-container\">\n\t\t\t\t\t<div class=\"elementor-spacer\">\n\t\t\t<div class=\"elementor-spacer-inner\"><\/div>\n\t\t<\/div>\n\t\t\t\t<\/div>\n\t\t\t\t<\/div>\n\t\t\t\t\t<\/div>\n\t\t<\/div>\n\t\t\t\t\t\t\t<\/div>\n\t\t<\/section>\n\t\t\t\t\t\t\t<\/div>\n\t\t","protected":false},"excerpt":{"rendered":"<p>Baumeister Friedrich 1. Sch\u00fctzenmeister Schwarz Josef 2. Sch\u00fctzenmeister Uwe Hennecke Sportleiter Mayer Reinhold Schatzmeister Baumeister Sven Schriftf\u00fchrer<\/p>\n","protected":false},"author":1,"featured_media":0,"parent":0,"menu_order":0,"comment_status":"closed","ping_status":"closed","template":"","meta":{"ngg_post_thumbnail":0,"footnotes":""},"class_list":["post-55","page","type-page","status-publish","hentry"],"_links":{"self":[{"href":"https:\/\/schuetzenverein-mitterfels.de\/index.php\/wp-json\/wp\/v2\/pages\/55","targetHints":{"allow":["GET"]}}],"collection":[{"href":"https:\/\/schuetzenverein-mitterfels.de\/index.php\/wp-json\/wp\/v2\/pages"}],"about":[{"href":"https:\/\/schuetzenverein-mitterfels.de\/index.php\/wp-json\/wp\/v2\/types\/page"}],"author":[{"embeddable":true,"href":"https:\/\/schuetzenverein-mitterfels.de\/index.php\/wp-json\/wp\/v2\/users\/1"}],"replies":[{"embeddable":true,"href":"https:\/\/schuetzenverein-mitterfels.de\/index.php\/wp-json\/wp\/v2\/comments?post=55"}],"version-history":[{"count":38,"href":"https:\/\/schuetzenverein-mitterfels.de\/index.php\/wp-json\/wp\/v2\/pages\/55\/revisions"}],"predecessor-version":[{"id":8466,"href":"https:\/\/schuetzenverein-mitterfels.de\/index.php\/wp-json\/wp\/v2\/pages\/55\/revisions\/8466"}],"wp:attachment":[{"href":"https:\/\/schuetzenverein-mitterfels.de\/index.php\/wp-json\/wp\/v2\/media?parent=55"}],"curies":[{"name":"wp","href":"https:\/\/api.w.org\/{rel}","templated":true}]}}