{"id":8213,"date":"2022-01-12T11:51:44","date_gmt":"2022-01-12T11:51:44","guid":{"rendered":"https:\/\/xn--schtzenverein-mitterfels-xsc.de\/?page_id=8213"},"modified":"2022-01-13T11:30:48","modified_gmt":"2022-01-13T11:30:48","slug":"schuetzenheim","status":"publish","type":"page","link":"https:\/\/schuetzenverein-mitterfels.de\/index.php\/schuetzenheim\/","title":{"rendered":"Sch\u00fctzenheim"},"content":{"rendered":"\t\t<div data-elementor-type=\"wp-page\" data-elementor-id=\"8213\" class=\"elementor elementor-8213\">\n\t\t\t\t\t\t\t\t\t<section class=\"elementor-section elementor-top-section elementor-element elementor-element-bc4b44b elementor-section-boxed elementor-section-height-default elementor-section-height-default\" data-id=\"bc4b44b\" data-element_type=\"section\">\n\t\t\t\t\t\t<div class=\"elementor-container elementor-column-gap-default\">\n\t\t\t\t\t<div class=\"elementor-column elementor-col-33 elementor-top-column elementor-element elementor-element-e7cc404 column-style-top\" data-id=\"e7cc404\" data-element_type=\"column\">\n\t\t\t<div class=\"elementor-widget-wrap elementor-element-populated\">\n\t\t\t\t\t\t\t\t<div class=\"elementor-element elementor-element-d40d1b0 elementor-widget elementor-widget-text-editor\" data-id=\"d40d1b0\" data-element_type=\"widget\" data-widget_type=\"text-editor.default\">\n\t\t\t\t<div class=\"elementor-widget-container\">\n\t\t\t\t\t\t\t<h2>Schie\u00dfstandadresse:<\/h2><p>Lindenstra\u00dfe 5<br \/>94360 Mitterfels<\/p>\t\t\t\t\t\t<\/div>\n\t\t\t\t<\/div>\n\t\t\t\t\t<\/div>\n\t\t<\/div>\n\t\t\t\t<div class=\"elementor-column elementor-col-66 elementor-top-column elementor-element elementor-element-9f93bb8 column-style-top\" data-id=\"9f93bb8\" data-element_type=\"column\">\n\t\t\t<div class=\"elementor-widget-wrap elementor-element-populated\">\n\t\t\t\t\t\t\t\t<div class=\"elementor-element elementor-element-dc479dc elementor-widget elementor-widget-text-editor\" data-id=\"dc479dc\" data-element_type=\"widget\" data-widget_type=\"text-editor.default\">\n\t\t\t\t<div class=\"elementor-widget-container\">\n\t\t\t\t\t\t\t<h2>Schie\u00dfzeiten:<\/h2><p>Erwachsene: Jeden 1. und 3. Freitag des Monats ab 19:00 Uhr<br \/>Jugend: Jeden Freitag ab 18:00 Uhr<\/p><p>Alle Termine sowie den Zeitraum der Sommerpause entnehmen Sie bitte unserem Kalender.<\/p>\t\t\t\t\t\t<\/div>\n\t\t\t\t<\/div>\n\t\t\t\t\t<\/div>\n\t\t<\/div>\n\t\t\t\t\t\t\t<\/div>\n\t\t<\/section>\n\t\t\t\t<section class=\"elementor-section elementor-top-section elementor-element elementor-element-9acb285 elementor-section-boxed elementor-section-height-default elementor-section-height-default\" data-id=\"9acb285\" data-element_type=\"section\">\n\t\t\t\t\t\t<div class=\"elementor-container elementor-column-gap-default\">\n\t\t\t\t\t<div class=\"elementor-column elementor-col-100 elementor-top-column elementor-element elementor-element-743fe26 column-style-top\" data-id=\"743fe26\" data-element_type=\"column\">\n\t\t\t<div class=\"elementor-widget-wrap elementor-element-populated\">\n\t\t\t\t\t\t\t\t<div class=\"elementor-element elementor-element-0c04c04 elementor-widget elementor-widget-text-editor\" data-id=\"0c04c04\" data-element_type=\"widget\" data-widget_type=\"text-editor.default\">\n\t\t\t\t<div class=\"elementor-widget-container\">\n\t\t\t\t\t\t\t<h2>Anfahrt<\/h2><p>Zufahrt \u00fcber die Lindenstrassse, zwischen Kirche und Raiffeisenbank abbiegen in &#8222;IN DER POINT&#8220; und dann bis ganz nach unten fahren. Dann sieht man linkerhand den Zugang zum Sch\u00fctzenhei<\/p>\t\t\t\t\t\t<\/div>\n\t\t\t\t<\/div>\n\t\t\t\t\t<\/div>\n\t\t<\/div>\n\t\t\t\t\t\t\t<\/div>\n\t\t<\/section>\n\t\t\t\t<section class=\"elementor-section elementor-top-section elementor-element elementor-element-3fe57d5 elementor-section-boxed elementor-section-height-default elementor-section-height-default\" data-id=\"3fe57d5\" data-element_type=\"section\">\n\t\t\t\t\t\t<div class=\"elementor-container elementor-column-gap-default\">\n\t\t\t\t\t<div class=\"elementor-column elementor-col-100 elementor-top-column elementor-element elementor-element-394b091 column-style-top\" data-id=\"394b091\" data-element_type=\"column\">\n\t\t\t<div class=\"elementor-widget-wrap elementor-element-populated\">\n\t\t\t\t\t\t\t\t<div class=\"elementor-element elementor-element-0533120 elementor-widget elementor-widget-image-gallery\" data-id=\"0533120\" data-element_type=\"widget\" data-widget_type=\"image-gallery.default\">\n\t\t\t\t<div class=\"elementor-widget-container\">\n\t\t\t\t\t<div class=\"elementor-image-gallery\">\n\t\t\t\n\t\t<style type=\"text\/css\">\n\t\t\t#gallery-1 {\n\t\t\t\tmargin: auto;\n\t\t\t}\n\t\t\t#gallery-1 .gallery-item {\n\t\t\t\tfloat: left;\n\t\t\t\tmargin-top: 10px;\n\t\t\t\ttext-align: center;\n\t\t\t\twidth: 33%;\n\t\t\t}\n\t\t\t#gallery-1 img {\n\t\t\t\tborder: 2px solid #cfcfcf;\n\t\t\t}\n\t\t\t#gallery-1 .gallery-caption {\n\t\t\t\tmargin-left: 0;\n\t\t\t}\n\t\t\t\/* see gallery_shortcode() in wp-includes\/media.php *\/\n\t\t<\/style>\n\t\t<div id='gallery-1' class='gallery galleryid-8213 gallery-columns-3 gallery-size-medium'><dl class='gallery-item'>\n\t\t\t<dt class='gallery-icon landscape'>\n\t\t\t\t<a data-elementor-open-lightbox=\"yes\" data-elementor-lightbox-slideshow=\"0533120\" data-elementor-lightbox-title=\"2022-01-11 08_56_31-Sch\u00fctzenverein Mitterfels - Sch\u00fctzenheim\" data-e-action-hash=\"#elementor-action%3Aaction%3Dlightbox%26settings%3DeyJpZCI6ODIxNSwidXJsIjoiaHR0cHM6XC9cL3NjaHVldHplbnZlcmVpbi1taXR0ZXJmZWxzLmRlXC93cC1jb250ZW50XC91cGxvYWRzXC8yMDIyXC8wMVwvMjAyMi0wMS0xMS0wOF81Nl8zMS1TY2h1ZXR6ZW52ZXJlaW4tTWl0dGVyZmVscy1TY2h1ZXR6ZW5oZWltLmpwZyIsInNsaWRlc2hvdyI6IjA1MzMxMjAifQ%3D%3D\" href='https:\/\/schuetzenverein-mitterfels.de\/wp-content\/uploads\/2022\/01\/2022-01-11-08_56_31-Schuetzenverein-Mitterfels-Schuetzenheim.jpg'><img loading=\"lazy\" decoding=\"async\" width=\"300\" height=\"226\" src=\"https:\/\/schuetzenverein-mitterfels.de\/wp-content\/uploads\/2022\/01\/2022-01-11-08_56_31-Schuetzenverein-Mitterfels-Schuetzenheim-300x226.jpg\" class=\"attachment-medium size-medium\" alt=\"\" \/><\/a>\n\t\t\t<\/dt><\/dl><dl class='gallery-item'>\n\t\t\t<dt class='gallery-icon landscape'>\n\t\t\t\t<a data-elementor-open-lightbox=\"yes\" data-elementor-lightbox-slideshow=\"0533120\" data-elementor-lightbox-title=\"2022-01-11 08_56_57-Sch\u00fctzenverein Mitterfels - Sch\u00fctzenheim\" data-e-action-hash=\"#elementor-action%3Aaction%3Dlightbox%26settings%3DeyJpZCI6ODIxNiwidXJsIjoiaHR0cHM6XC9cL3NjaHVldHplbnZlcmVpbi1taXR0ZXJmZWxzLmRlXC93cC1jb250ZW50XC91cGxvYWRzXC8yMDIyXC8wMVwvMjAyMi0wMS0xMS0wOF81Nl81Ny1TY2h1ZXR6ZW52ZXJlaW4tTWl0dGVyZmVscy1TY2h1ZXR6ZW5oZWltLmpwZyIsInNsaWRlc2hvdyI6IjA1MzMxMjAifQ%3D%3D\" href='https:\/\/schuetzenverein-mitterfels.de\/wp-content\/uploads\/2022\/01\/2022-01-11-08_56_57-Schuetzenverein-Mitterfels-Schuetzenheim.jpg'><img loading=\"lazy\" decoding=\"async\" width=\"300\" height=\"226\" src=\"https:\/\/schuetzenverein-mitterfels.de\/wp-content\/uploads\/2022\/01\/2022-01-11-08_56_57-Schuetzenverein-Mitterfels-Schuetzenheim-300x226.jpg\" class=\"attachment-medium size-medium\" alt=\"\" \/><\/a>\n\t\t\t<\/dt><\/dl><dl class='gallery-item'>\n\t\t\t<dt class='gallery-icon landscape'>\n\t\t\t\t<a data-elementor-open-lightbox=\"yes\" data-elementor-lightbox-slideshow=\"0533120\" data-elementor-lightbox-title=\"2022-01-11 08_57_14-Sch\u00fctzenverein Mitterfels - Sch\u00fctzenheim\" data-e-action-hash=\"#elementor-action%3Aaction%3Dlightbox%26settings%3DeyJpZCI6ODIxNywidXJsIjoiaHR0cHM6XC9cL3NjaHVldHplbnZlcmVpbi1taXR0ZXJmZWxzLmRlXC93cC1jb250ZW50XC91cGxvYWRzXC8yMDIyXC8wMVwvMjAyMi0wMS0xMS0wOF81N18xNC1TY2h1ZXR6ZW52ZXJlaW4tTWl0dGVyZmVscy1TY2h1ZXR6ZW5oZWltLmpwZyIsInNsaWRlc2hvdyI6IjA1MzMxMjAifQ%3D%3D\" href='https:\/\/schuetzenverein-mitterfels.de\/wp-content\/uploads\/2022\/01\/2022-01-11-08_57_14-Schuetzenverein-Mitterfels-Schuetzenheim.jpg'><img loading=\"lazy\" decoding=\"async\" width=\"300\" height=\"225\" src=\"https:\/\/schuetzenverein-mitterfels.de\/wp-content\/uploads\/2022\/01\/2022-01-11-08_57_14-Schuetzenverein-Mitterfels-Schuetzenheim-300x225.jpg\" class=\"attachment-medium size-medium\" alt=\"\" \/><\/a>\n\t\t\t<\/dt><\/dl><br style=\"clear: both\" \/><dl class='gallery-item'>\n\t\t\t<dt class='gallery-icon landscape'>\n\t\t\t\t<a data-elementor-open-lightbox=\"yes\" data-elementor-lightbox-slideshow=\"0533120\" data-elementor-lightbox-title=\"2022-01-11 08_57_31-Sch\u00fctzenverein Mitterfels - Sch\u00fctzenheim\" data-e-action-hash=\"#elementor-action%3Aaction%3Dlightbox%26settings%3DeyJpZCI6ODIxOCwidXJsIjoiaHR0cHM6XC9cL3NjaHVldHplbnZlcmVpbi1taXR0ZXJmZWxzLmRlXC93cC1jb250ZW50XC91cGxvYWRzXC8yMDIyXC8wMVwvMjAyMi0wMS0xMS0wOF81N18zMS1TY2h1ZXR6ZW52ZXJlaW4tTWl0dGVyZmVscy1TY2h1ZXR6ZW5oZWltLmpwZyIsInNsaWRlc2hvdyI6IjA1MzMxMjAifQ%3D%3D\" href='https:\/\/schuetzenverein-mitterfels.de\/wp-content\/uploads\/2022\/01\/2022-01-11-08_57_31-Schuetzenverein-Mitterfels-Schuetzenheim.jpg'><img loading=\"lazy\" decoding=\"async\" width=\"300\" height=\"186\" src=\"https:\/\/schuetzenverein-mitterfels.de\/wp-content\/uploads\/2022\/01\/2022-01-11-08_57_31-Schuetzenverein-Mitterfels-Schuetzenheim-300x186.jpg\" class=\"attachment-medium size-medium\" alt=\"\" \/><\/a>\n\t\t\t<\/dt><\/dl><dl class='gallery-item'>\n\t\t\t<dt class='gallery-icon landscape'>\n\t\t\t\t<a data-elementor-open-lightbox=\"yes\" data-elementor-lightbox-slideshow=\"0533120\" data-elementor-lightbox-title=\"2022-01-11 08_58_12-Sch\u00fctzenverein Mitterfels - Sch\u00fctzenheim\" data-e-action-hash=\"#elementor-action%3Aaction%3Dlightbox%26settings%3DeyJpZCI6ODIxOSwidXJsIjoiaHR0cHM6XC9cL3NjaHVldHplbnZlcmVpbi1taXR0ZXJmZWxzLmRlXC93cC1jb250ZW50XC91cGxvYWRzXC8yMDIyXC8wMVwvMjAyMi0wMS0xMS0wOF81OF8xMi1TY2h1ZXR6ZW52ZXJlaW4tTWl0dGVyZmVscy1TY2h1ZXR6ZW5oZWltLmpwZyIsInNsaWRlc2hvdyI6IjA1MzMxMjAifQ%3D%3D\" href='https:\/\/schuetzenverein-mitterfels.de\/wp-content\/uploads\/2022\/01\/2022-01-11-08_58_12-Schuetzenverein-Mitterfels-Schuetzenheim.jpg'><img loading=\"lazy\" decoding=\"async\" width=\"300\" height=\"205\" src=\"https:\/\/schuetzenverein-mitterfels.de\/wp-content\/uploads\/2022\/01\/2022-01-11-08_58_12-Schuetzenverein-Mitterfels-Schuetzenheim-300x205.jpg\" class=\"attachment-medium size-medium\" alt=\"\" \/><\/a>\n\t\t\t<\/dt><\/dl><dl class='gallery-item'>\n\t\t\t<dt class='gallery-icon portrait'>\n\t\t\t\t<a data-elementor-open-lightbox=\"yes\" data-elementor-lightbox-slideshow=\"0533120\" data-elementor-lightbox-title=\"St-_Georg_Mitterfels\" data-e-action-hash=\"#elementor-action%3Aaction%3Dlightbox%26settings%3DeyJpZCI6ODIyMCwidXJsIjoiaHR0cHM6XC9cL3NjaHVldHplbnZlcmVpbi1taXR0ZXJmZWxzLmRlXC93cC1jb250ZW50XC91cGxvYWRzXC8yMDIyXC8wMVwvU3QtX0dlb3JnX01pdHRlcmZlbHMuanBnIiwic2xpZGVzaG93IjoiMDUzMzEyMCJ9\" href='https:\/\/schuetzenverein-mitterfels.de\/wp-content\/uploads\/2022\/01\/St-_Georg_Mitterfels.jpg'><img loading=\"lazy\" decoding=\"async\" width=\"225\" height=\"300\" src=\"https:\/\/schuetzenverein-mitterfels.de\/wp-content\/uploads\/2022\/01\/St-_Georg_Mitterfels-225x300.jpg\" class=\"attachment-medium size-medium\" alt=\"\" \/><\/a>\n\t\t\t<\/dt><\/dl><br style=\"clear: both\" \/>\n\t\t<\/div>\n\t\t<\/div>\n\t\t\t\t<\/div>\n\t\t\t\t<\/div>\n\t\t\t\t\t<\/div>\n\t\t<\/div>\n\t\t\t\t\t\t\t<\/div>\n\t\t<\/section>\n\t\t\t\t\t\t\t<\/div>\n\t\t","protected":false},"excerpt":{"rendered":"<p>Schie\u00dfstandadresse: Lindenstra\u00dfe 5 94360 Mitterfels Schie\u00dfzeiten: Erwachsene: Jeden 1. und 3. Freitag des Monats ab 19:00 Uhr Jugend: Jeden Freitag ab 18:00 Uhr Alle Termine sowie den Zeitraum der Sommerpause entnehmen Sie bitte unserem Kalender. Anfahrt Zufahrt \u00fcber die Lindenstrassse, zwischen Kirche und Raiffeisenbank abbiegen in &#8222;IN DER POINT&#8220; und dann bis ganz nach unten [&hellip;]<\/p>\n","protected":false},"author":1,"featured_media":0,"parent":0,"menu_order":0,"comment_status":"closed","ping_status":"closed","template":"","meta":{"ngg_post_thumbnail":0,"footnotes":""},"class_list":["post-8213","page","type-page","status-publish","hentry"],"_links":{"self":[{"href":"https:\/\/schuetzenverein-mitterfels.de\/index.php\/wp-json\/wp\/v2\/pages\/8213","targetHints":{"allow":["GET"]}}],"collection":[{"href":"https:\/\/schuetzenverein-mitterfels.de\/index.php\/wp-json\/wp\/v2\/pages"}],"about":[{"href":"https:\/\/schuetzenverein-mitterfels.de\/index.php\/wp-json\/wp\/v2\/types\/page"}],"author":[{"embeddable":true,"href":"https:\/\/schuetzenverein-mitterfels.de\/index.php\/wp-json\/wp\/v2\/users\/1"}],"replies":[{"embeddable":true,"href":"https:\/\/schuetzenverein-mitterfels.de\/index.php\/wp-json\/wp\/v2\/comments?post=8213"}],"version-history":[{"count":5,"href":"https:\/\/schuetzenverein-mitterfels.de\/index.php\/wp-json\/wp\/v2\/pages\/8213\/revisions"}],"predecessor-version":[{"id":8465,"href":"https:\/\/schuetzenverein-mitterfels.de\/index.php\/wp-json\/wp\/v2\/pages\/8213\/revisions\/8465"}],"wp:attachment":[{"href":"https:\/\/schuetzenverein-mitterfels.de\/index.php\/wp-json\/wp\/v2\/media?parent=8213"}],"curies":[{"name":"wp","href":"https:\/\/api.w.org\/{rel}","templated":true}]}}